{"id":9,"date":"2023-06-24T17:35:06","date_gmt":"2023-06-24T14:35:06","guid":{"rendered":"http:\/\/globalcozumguvenliksistemleri.com\/?page_id=9"},"modified":"2023-07-05T17:52:19","modified_gmt":"2023-07-05T14:52:19","slug":"ana-sayfa","status":"publish","type":"page","link":"http:\/\/globalcozumguvenliksistemleri.com\/","title":{"rendered":"Ana sayfa"},"content":{"rendered":"\n<p>Her yeni g\u00fcn farkl\u0131 bir \u00fcr\u00fcn\u00fcm\u00fczle sizlerle olaca\u011f\u0131z, bug\u00fcn ilk kameram\u0131z\u0131n tan\u0131t\u0131m\u0131n\u0131 yapt\u0131k blog yaz\u0131m\u0131zda g\u00f6rselleriyle beraber , devam eden g\u00fcnlerde videolu olarakda sizlere g\u00f6r\u00fcnt\u00fc kalitesini anlataca\u011f\u0131z, sizlerde g\u00f6r\u00fcnce kameralar\u0131m\u0131z\u0131n kalitesini daha net anlam\u0131\u015f olacaks\u0131n\u0131z , kameralar\u0131m\u0131z a\u00e7\u0131k ve kapal\u0131 alanlarda toza,suya,neme dayan\u0131kl\u0131 olup kullan\u0131m\u0131 kolay g\u00f6r\u00fcnt\u00fc kalitesi muhte\u015fem gece renkli full hd dir.<\/p>\n\n\n\n<figure class=\"wp-block-image size-large\"><img loading=\"lazy\" decoding=\"async\" width=\"1024\" height=\"768\" src=\"http:\/\/globalcozumguvenliksistemleri.com\/wp-content\/uploads\/2023\/07\/kamera-1-1024x768.jpg\" alt=\"\" class=\"wp-image-69\" srcset=\"http:\/\/globalcozumguvenliksistemleri.com\/wp-content\/uploads\/2023\/07\/kamera-1-1024x768.jpg 1024w, http:\/\/globalcozumguvenliksistemleri.com\/wp-content\/uploads\/2023\/07\/kamera-1-300x225.jpg 300w, http:\/\/globalcozumguvenliksistemleri.com\/wp-content\/uploads\/2023\/07\/kamera-1-768x576.jpg 768w, http:\/\/globalcozumguvenliksistemleri.com\/wp-content\/uploads\/2023\/07\/kamera-1-1536x1152.jpg 1536w, http:\/\/globalcozumguvenliksistemleri.com\/wp-content\/uploads\/2023\/07\/kamera-1.jpg 1600w\" sizes=\"auto, (max-width: 767px) 89vw, (max-width: 1000px) 54vw, (max-width: 1071px) 543px, 580px\" \/><\/figure>\n","protected":false},"excerpt":{"rendered":"<p>Her yeni g\u00fcn farkl\u0131 bir \u00fcr\u00fcn\u00fcm\u00fczle sizlerle olaca\u011f\u0131z, bug\u00fcn ilk kameram\u0131z\u0131n tan\u0131t\u0131m\u0131n\u0131 yapt\u0131k blog yaz\u0131m\u0131zda g\u00f6rselleriyle beraber , devam eden g\u00fcnlerde videolu olarakda sizlere g\u00f6r\u00fcnt\u00fc kalitesini anlataca\u011f\u0131z, sizlerde g\u00f6r\u00fcnce kameralar\u0131m\u0131z\u0131n kalitesini daha net anlam\u0131\u015f olacaks\u0131n\u0131z , kameralar\u0131m\u0131z a\u00e7\u0131k ve kapal\u0131 alanlarda toza,suya,neme dayan\u0131kl\u0131 olup kullan\u0131m\u0131 kolay g\u00f6r\u00fcnt\u00fc kalitesi muhte\u015fem gece renkli full hd dir.<\/p>\n","protected":false},"author":1,"featured_media":0,"parent":0,"menu_order":0,"comment_status":"closed","ping_status":"closed","template":"","meta":{"footnotes":""},"class_list":["post-9","page","type-page","status-publish","hentry"],"_links":{"self":[{"href":"http:\/\/globalcozumguvenliksistemleri.com\/index.php?rest_route=\/wp\/v2\/pages\/9","targetHints":{"allow":["GET"]}}],"collection":[{"href":"http:\/\/globalcozumguvenliksistemleri.com\/index.php?rest_route=\/wp\/v2\/pages"}],"about":[{"href":"http:\/\/globalcozumguvenliksistemleri.com\/index.php?rest_route=\/wp\/v2\/types\/page"}],"author":[{"embeddable":true,"href":"http:\/\/globalcozumguvenliksistemleri.com\/index.php?rest_route=\/wp\/v2\/users\/1"}],"replies":[{"embeddable":true,"href":"http:\/\/globalcozumguvenliksistemleri.com\/index.php?rest_route=%2Fwp%2Fv2%2Fcomments&post=9"}],"version-history":[{"count":2,"href":"http:\/\/globalcozumguvenliksistemleri.com\/index.php?rest_route=\/wp\/v2\/pages\/9\/revisions"}],"predecessor-version":[{"id":93,"href":"http:\/\/globalcozumguvenliksistemleri.com\/index.php?rest_route=\/wp\/v2\/pages\/9\/revisions\/93"}],"wp:attachment":[{"href":"http:\/\/globalcozumguvenliksistemleri.com\/index.php?rest_route=%2Fwp%2Fv2%2Fmedia&parent=9"}],"curies":[{"name":"wp","href":"https:\/\/api.w.org\/{rel}","templated":true}]}}